{"id":46,"date":"2016-04-12T21:05:36","date_gmt":"2016-04-12T21:05:36","guid":{"rendered":"http:\/\/lstech.com.ve\/web\/?page_id=46"},"modified":"2022-06-19T16:14:51","modified_gmt":"2022-06-19T16:14:51","slug":"productos","status":"publish","type":"page","link":"https:\/\/lstech.com.ve\/web\/productos\/","title":{"rendered":"PRODUCTOS"},"content":{"rendered":"<p><img class=\"aligncenter\" src=\"http:\/\/lstech.com.ve\/web\/wp-content\/uploads\/2016\/04\/domotica.png\" alt=\"domotica\" \/><\/p>\n<div style=\"padding-left:2%;padding-right:2%\" >\nLSTech Tecnolog\u00eda Integral, C.A., le ofrece un conjunto de servicios, soluciones, sistemas y productos pensados especialmente para atender los requerimientos de cada uno de nuestros clientes tanto en sus Hogares como para sus Empresas. Dentro de los servicios que ofrecemos se encuentran:<\/p>\n<p><img class=\"morph pic\" src=\"http:\/\/lstech.com.ve\/web\/wp-content\/uploads\/2016\/05\/55027-200.png\" alt=\"\" width=\"50px\" \/> <strong>DOM\u00d3TICA E INM\u00d3TICA<\/strong><\/p>\n<p>La inm\u00f3tica est\u00e1 muy relacionada con la dom\u00f3tica, pero tiene caracter\u00edsticas propias que la diferencian. Mientras que la dom\u00f3tica se encarga de la gesti\u00f3n energ\u00e9tica de la propia vivienda de una manera individualizada, la inm\u00f3tica lo hace de forma integral para todo el edificio, es decir, est\u00e1 orientada a complejos y edificios de uso terciario o industrial, como son: centros de entretenimiento, hoteles, hostales, hospitales, centros de salud, \u00e1reas comerciales, comunidades de vecinos, edificios de negocios, naves industriales, centros educativos (colegios, institutos, etc\u2026), centros de discapacitados (un gran valor a\u00f1adido), instalaciones deportivas (gimnasios por ejemplo), aeropuertos, etc.<\/p>\n<p><img class=\"morph pic\" src=\"http:\/\/lstech.com.ve\/web\/wp-content\/uploads\/2016\/05\/cam.png\" alt=\"\" width=\"50px\" \/> <strong>SEGURIDAD ELECTR\u00d3NICA<\/strong><br \/>\nEn cuanto a Seguridad y CCTV se refiere, nuestra compa\u00f1\u00eda cuenta con referentes del m\u00e1ximo nivel en distintos sectores que requieren soluciones avanzadas adaptadas a sus necesidades particulares.<br \/>\nProyectos de seguridad y CCTV.<\/p>\n<p>i. VIDEO VIGILANCIA:<br \/>\n&nbsp;&nbsp;&nbsp;a. Proyectos de seguridad y CCTV.<br \/>\nInstalaci\u00f3n de c\u00e1maras Anal\u00f3gicas e IP.<br \/>\n&nbsp;&nbsp;&nbsp;b. Instalaci\u00f3n de Centros de Monitoreo y Vigilancia.<br \/>\nii. SISTEMAS DE INTRUSI\u00d3N:<br \/>\niii. CONTROL DE ACCESO:<br \/>\n&nbsp;&nbsp;&nbsp;a. Sistemas de Control de Acceso.<br \/>\n&nbsp;&nbsp;&nbsp;b. Sistemas Biom\u00e9tricos.<br \/>\n&nbsp;&nbsp;&nbsp;c. Sistemas de Control de Asistencia.<br \/>\niv. DETECCI\u00d3N Y SUPRESI\u00d3N.<br \/>\n&nbsp;&nbsp;&nbsp;a. Sistemas de Aspiraci\u00f3n y Detecci\u00f3n<br \/>\n&nbsp;&nbsp;&nbsp;b. Sistemas de Agente Limpio de Extinci\u00f3n<br \/>\n&nbsp;&nbsp;&nbsp;c. Sistemas de Notificaci\u00f3n<br \/>\n&nbsp;&nbsp;&nbsp;d. Detecci\u00f3n de Gas y llamas<br \/>\n&nbsp;&nbsp;&nbsp;e.Cortinas contra avance de fuego<br \/>\n&nbsp;&nbsp;&nbsp;f. Sistemas de Extinci\u00f3n.<br \/>\nv. PRODUCTOS ESPECIALIZADOS.<br \/>\nvi. SERVICIOS DE REPARACI\u00d3N Y MANTENIMIENTO<br \/>\nvii. SERVISIOS DE MONITOREO:<br \/>\n&nbsp;&nbsp;&nbsp;a.GPS (POSICIONAMIENTO GLOBAL) Control de Flotas.<br \/>\n&nbsp;&nbsp;&nbsp;b.CONTROL DE PERSONAL DE VIGILANCIA.<\/p>\n<p class=\"animated bounceInRight\"><img class=\"morph pic\" src=\"http:\/\/lstech.com.ve\/web\/wp-content\/uploads\/2016\/04\/tech.png\" alt=\"\" width=\"30px\" \/><strong>TECNOLOG\u00cdA DE LA INFORMACI\u00d3N Y COMUNICACI\u00d3N (TIC)<\/strong><\/p>\n<p>Para LSTech Tecnolog\u00eda Integral, C.A., la prioridad es satisfacer las necesidades de nuestros clientes, por eso ofrecemos todas las soluciones tecnol\u00f3gicas de manera tal que su empresa u hogar cuente con la tecnolog\u00eda necesaria.<\/p>\n<p>Soluciones Integrales de Telecomunicaciones.<br \/>\nIntranet, Extranet y Telefon\u00eda IP.<br \/>\nActualizaci\u00f3n de Plataforma Tecnol\u00f3gica.<br \/>\nUsuarios Avanzados.<br \/>\nPaquetes de oficina y Corporativos.<br \/>\nSoftware Administrativo.<br \/>\nInstalaci\u00f3n Soporte y Mantenimiento de Equipos de Computaci\u00f3n.<br \/>\nEstudios de Ingenier\u00eda de Proyectos.<\/p>\n<p>HARDWARE<br \/>\n\tEquipos: Venta<br \/>\n&nbsp;&nbsp;&nbsp;&nbsp;&nbsp;&nbsp;&nbsp;&nbsp;&nbsp;&nbsp;&nbsp;&nbsp;&nbsp;&nbsp;Alquiler<br \/>\n\tServidores<br \/>\n\tPerifericos<\/p>\n<p>SOFTWARE<br \/>\n&nbsp;&nbsp;&nbsp;a. Software Licenciado Microsoft<br \/>\n&nbsp;&nbsp;&nbsp;b. Soluciones en la Nube<br \/>\n&nbsp;&nbsp;&nbsp;c. Proyectos<br \/>\n&nbsp;&nbsp;&nbsp;d. Business Inteligense<br \/>\n&nbsp;&nbsp;&nbsp;e. Asistencia T\u00e9cnica<br \/>\n&nbsp;&nbsp;&nbsp;f. Desarrollo a la Medida del Cliente<\/p>\n<p>CONSULTORIA Y DISE\u00d1O<\/p>\n<p>IMPLEMENTACI\u00d3N<\/p>\n<p>SOPORTE T\u00c9CNICO<\/p>\n<p><img class=\"morph pic\" src=\"http:\/\/lstech.com.ve\/web\/wp-content\/uploads\/2016\/05\/utp.png\" alt=\"\" width=\"50px\" \/> <strong>TELECOMUNICACIONES Y REDES<\/strong><\/p>\n<p>Proporcionamos infraestructuras inal\u00e1mbricas, fibra \u00f3ptica y cobre que habilitan una gran cantidad de servicios de comunicaciones. Le ofrecemos una amplia gama de soluciones para llevar a cabo cualquier proyecto relacionado con su Centro de Proceso de Datos, desde su implantaci\u00f3n, auditor\u00eda, mantenimiento, etc\u2026, incluso el traslado a una nueva ubicaci\u00f3n.<\/p>\n<p>Distribuci\u00f3n, Dise\u00f1o y Ensamblaje de Redes, Equipos y Componentes.<br \/>\nInstalaci\u00f3n, Soporte y Mantenimiento de Redes.<br \/>\nTendido y peinado de cableado UTP y de Fibra \u00d3ptica.<br \/>\nServicio de Centros de Datos.<br \/>\nConstrucci\u00f3n Asesoramiento y Puesta en Marcha de Data Center y Aplicaciones ASP.<br \/>\nMudanza de Centros de Datos.<\/p>\n<p><img class=\"morph pic\" src=\"http:\/\/lstech.com.ve\/web\/wp-content\/uploads\/2016\/05\/lock.png\" alt=\"\" width=\"50px\" \/> <strong>CONTROL Y AUTOMATIZACI\u00d3N<br \/>\n<\/strong><\/p>\n<p>En el \u00c1rea de Seguridad e infraestructura El\u00e9ctrica, ofrecemos servicios de:<\/p>\n<p>Ingenier\u00eda de Telecomunicaciones.<br \/>\nTendidos El\u00e9ctricos.<br \/>\nSuministro, Instalaci\u00f3n y Puesta en Marcha de Plantas El\u00e9ctricas.<br \/>\nDise\u00f1o, Instalaci\u00f3n y Mantenimiento de L\u00edneas de Alta y Baja Tensi\u00f3n.<br \/>\nCentro de Control de Motores.<br \/>\nDistribuciones a\u00e9reas y Subterr\u00e1neas.<br \/>\nSistema de Puesta a Tierra.<br \/>\nSistemas El\u00e9ctricos para Edificaciones.<br \/>\nDise\u00f1o de Proyectos, Consultor\u00eda, Ejecuci\u00f3n de Sistemas de Aprovechamiento y Ahorro Energ\u00e9tico.<br \/>\nMontajes Multidisciplinarios Integrales.<br \/>\nParadas de Planta.<br \/>\nPruebas y Puesta en Marcha.<br \/>\nMantenimientos Mayores y Generales.<br \/>\nGerencia y Control de Obras.<\/p>\n<p><img class=\"morph pic\" src=\"http:\/\/lstech.com.ve\/web\/wp-content\/uploads\/2016\/05\/extintor.png\" alt=\"extintor\" width=\"50px\" \/><strong>SEGURIDAD F\u00cdSICA Y L\u00d3GICA<\/strong><\/p>\n<p>Para nuestra empresa su seguridad es lo m\u00e1s importante, por eso LSTech Tecnolog\u00eda Integral, C.A., tiene por expectativa poder presentar a sus clientes ofertas econ\u00f3micamente atractivas y t\u00e9cnicamente adecuadas a las necesidades del proyecto para que, en el transcurso de la ejecuci\u00f3n, se minimicen las variaciones que puedan alterar los costos de la obra y permitan obtener los resultados previstos sin mayores alteraciones. En LSTech Tecnolog\u00eda Integral, C.A., contamos con especialistas en el \u00e1rea de la seguridad tanto f\u00edsica como l\u00f3gica y ofrecemos las siguientes soluciones y productos adaptados a su requerimiento.<\/p>\n<p><strong>Seguridad F\u00edsica:<\/strong><br \/>\nSistemas de Detecci\u00f3n de Incendios.<br \/>\nAlarmas. Sistemas de Extinci\u00f3n de Incendios.<br \/>\nEquipos Especiales de Extinci\u00f3n (CO2, Espuma).<br \/>\nSistemas de Rociadores y Agua Pulverizada.<br \/>\nCentrales Inteligentes.<br \/>\nMantenimiento de Sistemas de Detecci\u00f3n y Extinci\u00f3n a nivel Nacional.<br \/>\nVenta de agentes limpios para extinci\u00f3n de fuegos.<\/p>\n<p><strong>Seguridad L\u00f3gica:<\/strong><br \/>\nSeguridad Inform\u00e1tica.<br \/>\nHardening de Sistema Operativo Y Base De Datos.<br \/>\nAdministraci\u00f3n de BD Y Servidores.\n<\/div>\n","protected":false},"excerpt":{"rendered":"<p>LSTech Tecnolog\u00eda Integral, C.A., le ofrece un conjunto de servicios, soluciones, sistemas y productos pensados especialmente para atender los requerimientos de cada uno de nuestros clientes tanto en sus Hogares como para sus Empresas. Dentro de los servicios que ofrecemos se encuentran: DOM\u00d3TICA E INM\u00d3TICA La inm\u00f3tica est\u00e1 muy relacionada con la dom\u00f3tica, pero tiene<\/p>\n","protected":false},"author":1,"featured_media":0,"parent":0,"menu_order":0,"comment_status":"closed","ping_status":"closed","template":"","meta":[],"_links":{"self":[{"href":"https:\/\/lstech.com.ve\/web\/wp-json\/wp\/v2\/pages\/46"}],"collection":[{"href":"https:\/\/lstech.com.ve\/web\/wp-json\/wp\/v2\/pages"}],"about":[{"href":"https:\/\/lstech.com.ve\/web\/wp-json\/wp\/v2\/types\/page"}],"author":[{"embeddable":true,"href":"https:\/\/lstech.com.ve\/web\/wp-json\/wp\/v2\/users\/1"}],"replies":[{"embeddable":true,"href":"https:\/\/lstech.com.ve\/web\/wp-json\/wp\/v2\/comments?post=46"}],"version-history":[{"count":70,"href":"https:\/\/lstech.com.ve\/web\/wp-json\/wp\/v2\/pages\/46\/revisions"}],"predecessor-version":[{"id":594,"href":"https:\/\/lstech.com.ve\/web\/wp-json\/wp\/v2\/pages\/46\/revisions\/594"}],"wp:attachment":[{"href":"https:\/\/lstech.com.ve\/web\/wp-json\/wp\/v2\/media?parent=46"}],"curies":[{"name":"wp","href":"https:\/\/api.w.org\/{rel}","templated":true}]}}