{"id":66,"date":"2016-04-14T18:05:05","date_gmt":"2016-04-14T18:05:05","guid":{"rendered":"http:\/\/lstech.com.ve\/web\/?page_id=66"},"modified":"2016-06-21T14:04:12","modified_gmt":"2016-06-21T14:04:12","slug":"clientes-y-aliados","status":"publish","type":"page","link":"https:\/\/lstech.com.ve\/web\/clientes-y-aliados\/","title":{"rendered":"CLIENTES"},"content":{"rendered":"<p><img class=\"morph pic\" src=\"http:\/\/lstech.com.ve\/web\/wp-content\/uploads\/2016\/05\/seguro.png\" alt=\"\" width=\"50px\" \/> Sector Seguros: Seguros Horizonte, S.A. Seguros Universitas, C.A.<br \/>\n&nbsp;<br \/>\n<img class=\"morph pic\" src=\"http:\/\/lstech.com.ve\/web\/wp-content\/uploads\/2016\/05\/gobierno.png\" alt=\"\" width=\"50px\" \/> Sector Gobierno: Ministerio del Poder Popular para la Ciencia y la Tecnolog\u00eda, Ministerio del Poder Popular para la Comunicaci\u00f3n y la Informaci\u00f3n (MINCI), Ministerio del Poder Popular para la Defensa, Corpoelec, Alcald\u00eda Guaicaipuro, Ministerio del Poder Popular Para la Salud, Alcald\u00eda Socialista Bolivariana de Caron\u00ed, Corposervicios Miranda.<br \/>\n&nbsp;<\/p>\n<p><img class=\"morph pic\" src=\"http:\/\/lstech.com.ve\/web\/wp-content\/uploads\/2016\/05\/seguridad.png\" alt=\"\" width=\"50px\" \/> Sector Seguridad: CICPC, Distrito Judicial Penal del Estado Vargas.<br \/>\n&nbsp;<br \/>\n<img class=\"morph pic\" src=\"http:\/\/lstech.com.ve\/web\/wp-content\/uploads\/2016\/05\/publicidad.png\" alt=\"\" width=\"50px\" \/> Sector Publicidad Gr\u00e1fica y Digital, Construcci\u00f3n de Centros de Datos: Smart Digital, C.A., Publi Insumos Valencia.<br \/>\n&nbsp;<br \/>\n<img class=\"morph pic\" src=\"http:\/\/lstech.com.ve\/web\/wp-content\/uploads\/2016\/05\/music.png\" alt=\"\" width=\"50px\" \/> Sector Musical: Huascar Producciones, Guaco.<br \/>\n&nbsp;<br \/>\n<img class=\"morph pic\" src=\"http:\/\/lstech.com.ve\/web\/wp-content\/uploads\/2016\/05\/social.png\" alt=\"\" width=\"50px\" \/> Sector Social: Fundaci\u00f3n Teatro Teresa Carre\u00f1o.<br \/>\n&nbsp;<br \/>\n<img class=\"morph pic\" src=\"http:\/\/lstech.com.ve\/web\/wp-content\/uploads\/2016\/05\/bank.png\" alt=\"\" width=\"50px\" \/> Sector Banca: Banco Bicentenario Banco Universal<br \/>\n&nbsp;<br \/>\n<img class=\"morph pic\" src=\"http:\/\/lstech.com.ve\/web\/wp-content\/uploads\/2016\/05\/construccion.png\" alt=\"\" width=\"50px\" \/> Sector Construcci\u00f3n: Vilafon Proyectos y Construcciones.<br \/>\n&nbsp;<br \/>\n<img class=\"morph pic\" src=\"http:\/\/lstech.com.ve\/web\/wp-content\/uploads\/2016\/05\/car.png\" alt=\"\" width=\"45px\" \/> Sector Automotor: The Car store, blindaje y Venta de Veh\u00edculos Blindados.<\/p>\n<p>&nbsp;<\/p>\n<pre><code><div id=\"tls_logo_slider\" class=\"tls_logo_slider\"><div class=\"logo_item\"><img  src=\"https:\/\/lstech.com.ve\/web\/wp-content\/uploads\/2016\/06\/corpoelec.png\" alt=\"\" \/><\/div><div class=\"logo_item\"><img  src=\"https:\/\/lstech.com.ve\/web\/wp-content\/uploads\/2016\/06\/miranda.png\" alt=\"\" \/><\/div><div class=\"logo_item\"><img  src=\"https:\/\/lstech.com.ve\/web\/wp-content\/uploads\/2016\/06\/mct.png\" alt=\"\" \/><\/div><div class=\"logo_item\"><img  src=\"https:\/\/lstech.com.ve\/web\/wp-content\/uploads\/2016\/06\/mppd.png\" alt=\"\" \/><\/div><div class=\"logo_item\"><img  src=\"https:\/\/lstech.com.ve\/web\/wp-content\/uploads\/2016\/06\/huascar.png\" alt=\"\" \/><\/div><div class=\"logo_item\"><img  src=\"https:\/\/lstech.com.ve\/web\/wp-content\/uploads\/2016\/06\/sh-1.png\" alt=\"\" \/><\/div><div class=\"logo_item\"><img  src=\"https:\/\/lstech.com.ve\/web\/wp-content\/uploads\/2016\/06\/asbc-1.png\" alt=\"\" \/><\/div><div class=\"logo_item\"><img  src=\"https:\/\/lstech.com.ve\/web\/wp-content\/uploads\/2016\/06\/ag-1.png\" alt=\"\" \/><\/div><div class=\"logo_item\"><img  src=\"https:\/\/lstech.com.ve\/web\/wp-content\/uploads\/2016\/06\/bb-1.png\" alt=\"\" \/><\/div><div class=\"logo_item\"><img  src=\"https:\/\/lstech.com.ve\/web\/wp-content\/uploads\/2016\/06\/mci-1.png\" alt=\"\" \/><\/div><div class=\"logo_item\"><img  src=\"https:\/\/lstech.com.ve\/web\/wp-content\/uploads\/2016\/06\/su-1.png\" alt=\"\" \/><\/div><div class=\"logo_item\"><img  src=\"https:\/\/lstech.com.ve\/web\/wp-content\/uploads\/2016\/06\/cicp-1.png\" alt=\"\" \/><\/div><div class=\"logo_item\"><img  src=\"https:\/\/lstech.com.ve\/web\/wp-content\/uploads\/2016\/06\/ttc-1.png\" alt=\"\" \/><\/div><div class=\"logo_item\"><img  src=\"https:\/\/lstech.com.ve\/web\/wp-content\/uploads\/2016\/06\/guaco-1.png\" alt=\"\" \/><\/div><div class=\"logo_item\"><img  src=\"https:\/\/lstech.com.ve\/web\/wp-content\/uploads\/2016\/06\/ms-1.png\" alt=\"\" \/><\/div><\/div><\/code><\/pre>\n<p><code>\u00a0<\/code><\/p>\n","protected":false},"excerpt":{"rendered":"<p>Sector Seguros: Seguros Horizonte, S.A. Seguros Universitas, C.A. &nbsp; Sector Gobierno: Ministerio del Poder Popular para la Ciencia y la Tecnolog\u00eda, Ministerio del Poder Popular para la Comunicaci\u00f3n y la Informaci\u00f3n (MINCI), Ministerio del Poder Popular para la Defensa, Corpoelec, Alcald\u00eda Guaicaipuro, Ministerio del Poder Popular Para la Salud, Alcald\u00eda Socialista Bolivariana de Caron\u00ed, Corposervicios<\/p>\n","protected":false},"author":1,"featured_media":0,"parent":0,"menu_order":0,"comment_status":"closed","ping_status":"closed","template":"","meta":[],"_links":{"self":[{"href":"https:\/\/lstech.com.ve\/web\/wp-json\/wp\/v2\/pages\/66"}],"collection":[{"href":"https:\/\/lstech.com.ve\/web\/wp-json\/wp\/v2\/pages"}],"about":[{"href":"https:\/\/lstech.com.ve\/web\/wp-json\/wp\/v2\/types\/page"}],"author":[{"embeddable":true,"href":"https:\/\/lstech.com.ve\/web\/wp-json\/wp\/v2\/users\/1"}],"replies":[{"embeddable":true,"href":"https:\/\/lstech.com.ve\/web\/wp-json\/wp\/v2\/comments?post=66"}],"version-history":[{"count":44,"href":"https:\/\/lstech.com.ve\/web\/wp-json\/wp\/v2\/pages\/66\/revisions"}],"predecessor-version":[{"id":223,"href":"https:\/\/lstech.com.ve\/web\/wp-json\/wp\/v2\/pages\/66\/revisions\/223"}],"wp:attachment":[{"href":"https:\/\/lstech.com.ve\/web\/wp-json\/wp\/v2\/media?parent=66"}],"curies":[{"name":"wp","href":"https:\/\/api.w.org\/{rel}","templated":true}]}}